{"id":14,"date":"2021-10-20T15:54:17","date_gmt":"2021-10-20T13:54:17","guid":{"rendered":"http:\/\/verdunlesarts.org\/?page_id=14"},"modified":"2025-11-17T16:52:59","modified_gmt":"2025-11-17T15:52:59","slug":"activites","status":"publish","type":"page","link":"https:\/\/verdunlesarts.org\/index.php\/activites\/","title":{"rendered":"O\u00f9, en Ari\u00e8ge"},"content":{"rendered":"\n<p>\u00ab Vivre ensemble \u00e0 la montagne : convivialit\u00e9, respect et entraide au quotidien. \u00bb<\/p>\n\n\n\n<p>\ud83c\udfd4\ufe0f \u00ab Un habitat partag\u00e9 \u00e0 600 m d\u2019altitude, entre nature, bourg vivant et accessibilit\u00e9. \u00bb<\/p>\n\n\n\n<p><img decoding=\"async\" width=\"32\" height=\"32\" src=\"\" alt=\"\u2728\">\u00ab Plus qu\u2019un logement : une aventure collective en pleine nature, proche de tout. \u00bb<\/p>\n\n\n\n<p>\ud83e\udd1d \u00ab Ici, chacun contribue : respect, coop\u00e9ration et s\u00e9r\u00e9nit\u00e9 dans un cadre montagnard. \u00bb&nbsp;<\/p>\n\n\n\n<figure class=\"wp-block-image size-large\"><img fetchpriority=\"high\" decoding=\"async\" width=\"1024\" height=\"456\" src=\"https:\/\/verdunlesarts.org\/wp-content\/uploads\/2025\/05\/Les-Pyrenees-enneigees-1024x456.jpg\" alt=\"\" class=\"wp-image-588\" srcset=\"https:\/\/verdunlesarts.org\/wp-content\/uploads\/2025\/05\/Les-Pyrenees-enneigees-1024x456.jpg 1024w, https:\/\/verdunlesarts.org\/wp-content\/uploads\/2025\/05\/Les-Pyrenees-enneigees-300x134.jpg 300w, https:\/\/verdunlesarts.org\/wp-content\/uploads\/2025\/05\/Les-Pyrenees-enneigees-768x342.jpg 768w, https:\/\/verdunlesarts.org\/wp-content\/uploads\/2025\/05\/Les-Pyrenees-enneigees.jpg 1080w\" sizes=\"(max-width: 1024px) 100vw, 1024px\" \/><\/figure>\n\n\n\n<p>Verdun est une commune accol\u00e9e \u00e0 Les Cabannes et \u00e0 proximit\u00e9 de Tarascon-Sur-Ari\u00e8ge et d\u2019Ax-les-Thermes, \u00e0 30 minutes de Foix et situ\u00e9e dans le canton de Haute-Ari\u00e8ge en Occitanie. La ligne de train Paris-La tour de Carol s&rsquo;arr\u00eate \u00e0 Les Cabannes, soit \u00e0 10 mns de l&rsquo;habitat. Elle passe par Toulouse, Limoges, de l&rsquo;autre c\u00f4t\u00e9 atteint les portes de l&rsquo;Espagne.<\/p>\n\n\n\n<p class=\"has-white-color has-vivid-cyan-blue-background-color has-text-color has-background has-medium-font-size\">Le territoire communal, expos\u00e9 plein sud en terrasses, b\u00e9n\u00e9ficie d&rsquo;un ensoleillement exceptionnel et s&rsquo;\u00e9tend entre 500 et 1500m d&rsquo;altitude ce qui lui conf\u00e8re une grande diversit\u00e9 de paysages. Verdun comporte traditionnellement deux parties que des constructions r\u00e9centes tendent aujourd&rsquo;hui \u00e0 relier : le Barry-d&rsquo;en-haut, partie ancienne autour de l&rsquo;\u00e9glise, et le Barry-d&rsquo;en-bas, entre la mairie et le pont menant \u00e0 la commune voisine, Les Cabannes, par laquelle se font les dessertes routi\u00e8re et ferroviaire (ligne Paris-Latour-de-Carol).<\/p>\n\n\n\n<h2 class=\"wp-block-heading\">Le petit Nice&#8230;<\/h2>\n\n\n\n<p class=\"has-white-color has-luminous-vivid-amber-background-color has-text-color has-background has-medium-font-size\">L&rsquo;habitat se situe au sein d&rsquo;un village accol\u00e9 \u00e0 un bourg o\u00f9 l&rsquo;on trouve tous les services, sant\u00e9, alimentation, restaurants, transport (se passer de voiture est possible).<\/p>\n\n\n\n<figure class=\"wp-block-image size-large is-resized\"><img decoding=\"async\" width=\"1024\" height=\"768\" src=\"https:\/\/verdunlesarts.org\/wp-content\/uploads\/2024\/10\/P1010267-1024x768.jpg\" alt=\"\" class=\"wp-image-501\" style=\"width:500px\" srcset=\"https:\/\/verdunlesarts.org\/wp-content\/uploads\/2024\/10\/P1010267-1024x768.jpg 1024w, https:\/\/verdunlesarts.org\/wp-content\/uploads\/2024\/10\/P1010267-300x225.jpg 300w, https:\/\/verdunlesarts.org\/wp-content\/uploads\/2024\/10\/P1010267-768x576.jpg 768w, https:\/\/verdunlesarts.org\/wp-content\/uploads\/2024\/10\/P1010267-1536x1152.jpg 1536w, https:\/\/verdunlesarts.org\/wp-content\/uploads\/2024\/10\/P1010267-2048x1536.jpg 2048w\" sizes=\"(max-width: 1024px) 100vw, 1024px\" \/><figcaption class=\"wp-element-caption\">Verdun et les villages aux alentours<\/figcaption><\/figure>\n\n\n\n<figure class=\"wp-block-gallery has-nested-images columns-default is-cropped wp-block-gallery-1 is-layout-flex wp-block-gallery-is-layout-flex\">\n<figure class=\"wp-block-image size-large\"><img loading=\"lazy\" decoding=\"async\" width=\"1024\" height=\"768\" data-id=\"475\" src=\"https:\/\/verdunlesarts.org\/wp-content\/uploads\/2024\/10\/PC150243-1024x768.jpg\" alt=\"\" class=\"wp-image-475\" srcset=\"https:\/\/verdunlesarts.org\/wp-content\/uploads\/2024\/10\/PC150243-1024x768.jpg 1024w, https:\/\/verdunlesarts.org\/wp-content\/uploads\/2024\/10\/PC150243-300x225.jpg 300w, https:\/\/verdunlesarts.org\/wp-content\/uploads\/2024\/10\/PC150243-768x576.jpg 768w, https:\/\/verdunlesarts.org\/wp-content\/uploads\/2024\/10\/PC150243-1536x1152.jpg 1536w, https:\/\/verdunlesarts.org\/wp-content\/uploads\/2024\/10\/PC150243-2048x1536.jpg 2048w\" sizes=\"(max-width: 1024px) 100vw, 1024px\" \/><figcaption class=\"wp-element-caption\">H\u00eatre dominant le paysage<\/figcaption><\/figure>\n\n\n\n<figure class=\"wp-block-image size-large\"><img loading=\"lazy\" decoding=\"async\" width=\"1024\" height=\"559\" data-id=\"474\" src=\"https:\/\/verdunlesarts.org\/wp-content\/uploads\/2024\/10\/PC150240-1024x559.jpeg\" alt=\"\" class=\"wp-image-474\" srcset=\"https:\/\/verdunlesarts.org\/wp-content\/uploads\/2024\/10\/PC150240-1024x559.jpeg 1024w, https:\/\/verdunlesarts.org\/wp-content\/uploads\/2024\/10\/PC150240-300x164.jpeg 300w, https:\/\/verdunlesarts.org\/wp-content\/uploads\/2024\/10\/PC150240-768x420.jpeg 768w, https:\/\/verdunlesarts.org\/wp-content\/uploads\/2024\/10\/PC150240-1536x839.jpeg 1536w, https:\/\/verdunlesarts.org\/wp-content\/uploads\/2024\/10\/PC150240-2048x1119.jpeg 2048w\" sizes=\"(max-width: 1024px) 100vw, 1024px\" \/><figcaption class=\"wp-element-caption\">Au dessus de Verdun<\/figcaption><\/figure>\n\n\n\n<figure class=\"wp-block-image size-large\"><img loading=\"lazy\" decoding=\"async\" width=\"1024\" height=\"768\" data-id=\"473\" src=\"https:\/\/verdunlesarts.org\/wp-content\/uploads\/2024\/10\/PC150213-1024x768.jpg\" alt=\"\" class=\"wp-image-473\" srcset=\"https:\/\/verdunlesarts.org\/wp-content\/uploads\/2024\/10\/PC150213-1024x768.jpg 1024w, https:\/\/verdunlesarts.org\/wp-content\/uploads\/2024\/10\/PC150213-300x225.jpg 300w, https:\/\/verdunlesarts.org\/wp-content\/uploads\/2024\/10\/PC150213-768x576.jpg 768w, https:\/\/verdunlesarts.org\/wp-content\/uploads\/2024\/10\/PC150213-1536x1152.jpg 1536w, https:\/\/verdunlesarts.org\/wp-content\/uploads\/2024\/10\/PC150213-2048x1536.jpg 2048w\" sizes=\"(max-width: 1024px) 100vw, 1024px\" \/><figcaption class=\"wp-element-caption\">Les sentiers de randonn\u00e9es<\/figcaption><\/figure>\n\n\n\n<figure class=\"wp-block-image size-large\"><img loading=\"lazy\" decoding=\"async\" width=\"1024\" height=\"768\" data-id=\"472\" src=\"https:\/\/verdunlesarts.org\/wp-content\/uploads\/2024\/10\/PC150211-1024x768.jpg\" alt=\"\" class=\"wp-image-472\" srcset=\"https:\/\/verdunlesarts.org\/wp-content\/uploads\/2024\/10\/PC150211-1024x768.jpg 1024w, https:\/\/verdunlesarts.org\/wp-content\/uploads\/2024\/10\/PC150211-300x225.jpg 300w, https:\/\/verdunlesarts.org\/wp-content\/uploads\/2024\/10\/PC150211-768x576.jpg 768w, https:\/\/verdunlesarts.org\/wp-content\/uploads\/2024\/10\/PC150211-1536x1152.jpg 1536w, https:\/\/verdunlesarts.org\/wp-content\/uploads\/2024\/10\/PC150211-2048x1536.jpg 2048w\" sizes=\"(max-width: 1024px) 100vw, 1024px\" \/><figcaption class=\"wp-element-caption\">Grands h\u00eatres et neige<\/figcaption><\/figure>\n\n\n\n<figure class=\"wp-block-image size-large\"><img loading=\"lazy\" decoding=\"async\" width=\"1024\" height=\"768\" data-id=\"471\" src=\"https:\/\/verdunlesarts.org\/wp-content\/uploads\/2024\/10\/PB230118-1024x768.jpg\" alt=\"\" class=\"wp-image-471\" srcset=\"https:\/\/verdunlesarts.org\/wp-content\/uploads\/2024\/10\/PB230118-1024x768.jpg 1024w, https:\/\/verdunlesarts.org\/wp-content\/uploads\/2024\/10\/PB230118-300x225.jpg 300w, https:\/\/verdunlesarts.org\/wp-content\/uploads\/2024\/10\/PB230118-768x576.jpg 768w, https:\/\/verdunlesarts.org\/wp-content\/uploads\/2024\/10\/PB230118-1536x1152.jpg 1536w, https:\/\/verdunlesarts.org\/wp-content\/uploads\/2024\/10\/PB230118-2048x1536.jpg 2048w\" sizes=\"(max-width: 1024px) 100vw, 1024px\" \/><figcaption class=\"wp-element-caption\">Gouttes d&rsquo;eau<\/figcaption><\/figure>\n\n\n\n<figure class=\"wp-block-image size-large\"><img loading=\"lazy\" decoding=\"async\" width=\"1024\" height=\"768\" data-id=\"468\" src=\"https:\/\/verdunlesarts.org\/wp-content\/uploads\/2024\/10\/IMG_7938-2-1024x768.jpeg\" alt=\"\" class=\"wp-image-468\" srcset=\"https:\/\/verdunlesarts.org\/wp-content\/uploads\/2024\/10\/IMG_7938-2-1024x768.jpeg 1024w, https:\/\/verdunlesarts.org\/wp-content\/uploads\/2024\/10\/IMG_7938-2-300x225.jpeg 300w, https:\/\/verdunlesarts.org\/wp-content\/uploads\/2024\/10\/IMG_7938-2-768x576.jpeg 768w, https:\/\/verdunlesarts.org\/wp-content\/uploads\/2024\/10\/IMG_7938-2-1536x1152.jpeg 1536w, https:\/\/verdunlesarts.org\/wp-content\/uploads\/2024\/10\/IMG_7938-2-2048x1536.jpeg 2048w\" sizes=\"(max-width: 1024px) 100vw, 1024px\" \/><\/figure>\n<\/figure>\n\n\n\n<figure class=\"wp-block-gallery has-nested-images columns-default is-cropped wp-block-gallery-2 is-layout-flex wp-block-gallery-is-layout-flex\">\n<figure class=\"wp-block-image size-large\"><img loading=\"lazy\" decoding=\"async\" width=\"1024\" height=\"768\" data-id=\"41\" src=\"https:\/\/verdunlesarts.org\/wp-content\/uploads\/2021\/10\/Branche-de-pommier-1024x768.jpg\" alt=\"\" class=\"wp-image-41\" srcset=\"https:\/\/verdunlesarts.org\/wp-content\/uploads\/2021\/10\/Branche-de-pommier-1024x768.jpg 1024w, https:\/\/verdunlesarts.org\/wp-content\/uploads\/2021\/10\/Branche-de-pommier-300x225.jpg 300w, https:\/\/verdunlesarts.org\/wp-content\/uploads\/2021\/10\/Branche-de-pommier-768x576.jpg 768w, https:\/\/verdunlesarts.org\/wp-content\/uploads\/2021\/10\/Branche-de-pommier-1536x1152.jpg 1536w, https:\/\/verdunlesarts.org\/wp-content\/uploads\/2021\/10\/Branche-de-pommier-2048x1536.jpg 2048w, https:\/\/verdunlesarts.org\/wp-content\/uploads\/2021\/10\/Branche-de-pommier-1568x1176.jpg 1568w\" sizes=\"(max-width: 1024px) 100vw, 1024px\" \/><figcaption class=\"wp-element-caption\">Cerisier<\/figcaption><\/figure>\n\n\n\n<figure class=\"wp-block-image size-large\"><img loading=\"lazy\" decoding=\"async\" width=\"1024\" height=\"1024\" data-id=\"116\" src=\"https:\/\/verdunlesarts.org\/wp-content\/uploads\/2021\/11\/Printemps-a-Verdun-1024x1024.jpg\" alt=\"\" class=\"wp-image-116\" srcset=\"https:\/\/verdunlesarts.org\/wp-content\/uploads\/2021\/11\/Printemps-a-Verdun-1024x1024.jpg 1024w, https:\/\/verdunlesarts.org\/wp-content\/uploads\/2021\/11\/Printemps-a-Verdun-300x300.jpg 300w, https:\/\/verdunlesarts.org\/wp-content\/uploads\/2021\/11\/Printemps-a-Verdun-150x150.jpg 150w, https:\/\/verdunlesarts.org\/wp-content\/uploads\/2021\/11\/Printemps-a-Verdun-1536x1536.jpg 1536w, https:\/\/verdunlesarts.org\/wp-content\/uploads\/2021\/11\/Printemps-a-Verdun-2048x2048.jpg 2048w, https:\/\/verdunlesarts.org\/wp-content\/uploads\/2021\/11\/Printemps-a-Verdun-650x650.jpg 650w, https:\/\/verdunlesarts.org\/wp-content\/uploads\/2021\/11\/Printemps-a-Verdun-1300x1300.jpg 1300w\" sizes=\"(max-width: 1024px) 100vw, 1024px\" \/><figcaption class=\"wp-element-caption\">Pommier<\/figcaption><\/figure>\n\n\n\n<figure class=\"wp-block-image size-large\"><img loading=\"lazy\" decoding=\"async\" width=\"1024\" height=\"1024\" data-id=\"255\" src=\"https:\/\/verdunlesarts.org\/wp-content\/uploads\/2022\/06\/Image-Mandala-1024x1024.jpg\" alt=\"\" class=\"wp-image-255\" srcset=\"https:\/\/verdunlesarts.org\/wp-content\/uploads\/2022\/06\/Image-Mandala-1024x1024.jpg 1024w, https:\/\/verdunlesarts.org\/wp-content\/uploads\/2022\/06\/Image-Mandala-300x300.jpg 300w, https:\/\/verdunlesarts.org\/wp-content\/uploads\/2022\/06\/Image-Mandala-150x150.jpg 150w, https:\/\/verdunlesarts.org\/wp-content\/uploads\/2022\/06\/Image-Mandala-1536x1536.jpg 1536w, https:\/\/verdunlesarts.org\/wp-content\/uploads\/2022\/06\/Image-Mandala-650x650.jpg 650w, https:\/\/verdunlesarts.org\/wp-content\/uploads\/2022\/06\/Image-Mandala-1300x1300.jpg 1300w\" sizes=\"(max-width: 1024px) 100vw, 1024px\" \/><\/figure>\n\n\n\n<figure class=\"wp-block-image size-large\"><img loading=\"lazy\" decoding=\"async\" width=\"1024\" height=\"768\" data-id=\"281\" src=\"https:\/\/verdunlesarts.org\/wp-content\/uploads\/2022\/06\/IMG_4251-1024x768.jpeg\" alt=\"\" class=\"wp-image-281\" srcset=\"https:\/\/verdunlesarts.org\/wp-content\/uploads\/2022\/06\/IMG_4251-1024x768.jpeg 1024w, https:\/\/verdunlesarts.org\/wp-content\/uploads\/2022\/06\/IMG_4251-300x225.jpeg 300w, https:\/\/verdunlesarts.org\/wp-content\/uploads\/2022\/06\/IMG_4251-768x576.jpeg 768w, https:\/\/verdunlesarts.org\/wp-content\/uploads\/2022\/06\/IMG_4251-1536x1152.jpeg 1536w, https:\/\/verdunlesarts.org\/wp-content\/uploads\/2022\/06\/IMG_4251-2048x1536.jpeg 2048w\" sizes=\"(max-width: 1024px) 100vw, 1024px\" \/><\/figure>\n\n\n\n<figure class=\"wp-block-image size-large\"><img loading=\"lazy\" decoding=\"async\" width=\"768\" height=\"1024\" data-id=\"282\" src=\"https:\/\/verdunlesarts.org\/wp-content\/uploads\/2022\/06\/IMG_4248-768x1024.jpeg\" alt=\"\" class=\"wp-image-282\" srcset=\"https:\/\/verdunlesarts.org\/wp-content\/uploads\/2022\/06\/IMG_4248-768x1024.jpeg 768w, https:\/\/verdunlesarts.org\/wp-content\/uploads\/2022\/06\/IMG_4248-225x300.jpeg 225w, https:\/\/verdunlesarts.org\/wp-content\/uploads\/2022\/06\/IMG_4248-1152x1536.jpeg 1152w, https:\/\/verdunlesarts.org\/wp-content\/uploads\/2022\/06\/IMG_4248-1536x2048.jpeg 1536w, https:\/\/verdunlesarts.org\/wp-content\/uploads\/2022\/06\/IMG_4248-scaled.jpeg 1920w\" sizes=\"(max-width: 768px) 100vw, 768px\" \/><\/figure>\n<\/figure>\n\n\n\n<p>L\u2019\u00e9glise&nbsp;de VERDUN&nbsp;est&nbsp;inscrite \u00e0 l\u2019inventaire des Monuments Historiques depuis 1910. C&rsquo;est un des joyaux de l&rsquo;art roman en Ari\u00e8ge.<\/p>\n\n\n\n<p>Son caract\u00e8re montagnard offre un contraste saisissant avec le village que l&rsquo;on surnomme le petit Nice&#8230;<br>Encore sous le choc du majestueux massif du Qui\u00e9, vous entrez \u00e0 pas feutr\u00e9s dans l&rsquo;univers du silence. Le village blotti sur les contreforts du massif du Qui\u00e9 a le privil\u00e8ge d&rsquo;\u00eatre tout au long de l&rsquo;ann\u00e9e inond\u00e9 de soleil. Un v\u00e9ritable petit Nice ari\u00e9geois, aime-t-on \u00e0 chuchoter dans les environs! Sur ses hauteurs, pr\u00e8s du ruisseau de Moulines, tr\u00f4ne l&rsquo;\u00e9glise romane de Verdun, une des innombrables \u00e9glises ou chapelles qui \u00e9clairent la vall\u00e9e par la diversit\u00e9 de leurs formes.<\/p>\n\n\n\n<figure class=\"wp-block-image size-full\"><img loading=\"lazy\" decoding=\"async\" width=\"800\" height=\"500\" src=\"https:\/\/verdunlesarts.org\/wp-content\/uploads\/2025\/05\/Eglise-Sainte-Blaise-Verdun.jpg\" alt=\"\" class=\"wp-image-589\" srcset=\"https:\/\/verdunlesarts.org\/wp-content\/uploads\/2025\/05\/Eglise-Sainte-Blaise-Verdun.jpg 800w, https:\/\/verdunlesarts.org\/wp-content\/uploads\/2025\/05\/Eglise-Sainte-Blaise-Verdun-300x188.jpg 300w, https:\/\/verdunlesarts.org\/wp-content\/uploads\/2025\/05\/Eglise-Sainte-Blaise-Verdun-768x480.jpg 768w\" sizes=\"(max-width: 800px) 100vw, 800px\" \/><\/figure>\n\n\n\n<p><\/p>\n","protected":false},"excerpt":{"rendered":"<p>\u00ab Vivre ensemble \u00e0 la montagne : convivialit\u00e9, respect et entraide au quotidien. \u00bb \ud83c\udfd4\ufe0f \u00ab Un habitat partag\u00e9 \u00e0 600 m d\u2019altitude, entre nature, bourg vivant et accessibilit\u00e9. \u00bb \u00ab Plus qu\u2019un logement : une aventure collective en pleine nature, proche de tout. \u00bb \ud83e\udd1d \u00ab Ici, chacun contribue : respect, coop\u00e9ration et s\u00e9r\u00e9nit\u00e9 [&hellip;]<\/p>\n","protected":false},"author":1,"featured_media":279,"parent":0,"menu_order":0,"comment_status":"closed","ping_status":"closed","template":"","meta":{"footnotes":""},"class_list":["post-14","page","type-page","status-publish","has-post-thumbnail","hentry"],"_links":{"self":[{"href":"https:\/\/verdunlesarts.org\/index.php\/wp-json\/wp\/v2\/pages\/14","targetHints":{"allow":["GET"]}}],"collection":[{"href":"https:\/\/verdunlesarts.org\/index.php\/wp-json\/wp\/v2\/pages"}],"about":[{"href":"https:\/\/verdunlesarts.org\/index.php\/wp-json\/wp\/v2\/types\/page"}],"author":[{"embeddable":true,"href":"https:\/\/verdunlesarts.org\/index.php\/wp-json\/wp\/v2\/users\/1"}],"replies":[{"embeddable":true,"href":"https:\/\/verdunlesarts.org\/index.php\/wp-json\/wp\/v2\/comments?post=14"}],"version-history":[{"count":23,"href":"https:\/\/verdunlesarts.org\/index.php\/wp-json\/wp\/v2\/pages\/14\/revisions"}],"predecessor-version":[{"id":624,"href":"https:\/\/verdunlesarts.org\/index.php\/wp-json\/wp\/v2\/pages\/14\/revisions\/624"}],"wp:featuredmedia":[{"embeddable":true,"href":"https:\/\/verdunlesarts.org\/index.php\/wp-json\/wp\/v2\/media\/279"}],"wp:attachment":[{"href":"https:\/\/verdunlesarts.org\/index.php\/wp-json\/wp\/v2\/media?parent=14"}],"curies":[{"name":"wp","href":"https:\/\/api.w.org\/{rel}","templated":true}]}}